{"id":7546,"date":"2025-08-03T15:24:18","date_gmt":"2025-08-03T13:24:18","guid":{"rendered":"https:\/\/www.mandalama.cz\/?post_type=product&#038;p=7546"},"modified":"2026-01-31T14:04:36","modified_gmt":"2026-01-31T13:04:36","slug":"mandalama-v-mechiku","status":"publish","type":"product","link":"https:\/\/www.mandalama.cz\/en\/product\/mandalama-v-mechiku\/","title":{"rendered":"Mandalama v Mechiku"},"content":{"rendered":"","protected":false},"excerpt":{"rendered":"<p>\u010cek\u00e1 na tebe poutav\u00fd p\u0159\u00edb\u011bh Tudorovo v\u00fdletu po Mexiku. To jsem k\u0159i\u017eoval rok a \u010dtvrt na kole s rozpo\u010dtem 100K\u010c na den. Psal jsem o tom co a kde jsem vid\u011bl, co c\u00edt\u00edm, jak na m\u011b v\u0161e okolo p\u016fsob\u00ed, ale aj n\u011bjak\u00e9 to filozofick\u00e9 mudrc\u00edrov\u00e1n\u00ed se v knize objevuje. Mnohokr\u00e1t jsem opou\u0161t\u011bl komfortn\u00ed z\u00f3nu, potkal nespo\u010det zaj\u00edmav\u00fdch lid\u00ed, musel d\u011blat ne\u010dekan\u00e1 rozhodnut\u00ed, rozj\u00edmal nad \u017eivotem a hlavn\u011b: Za\u010dal se tam p\u0159\u00edb\u011bh MANDALAMA.<\/p>\n<p>Na n\u011bkolika m\u00edstech jsem se tam na chv\u00edli usadil a za\u010dal malovat mandaly. B\u011bhem dan\u00e9 cesty jsem jich vytvo\u0159il 22ks.<\/p>\n<p>P\u0159\u00edb\u011bh je dopln\u011bn kreslen\u00fdmi ilustracemi, fotkami a mapami &#8211; origin\u00e1ly viz foto.<br \/>\nKniha m\u00e1 310 stran a vydal jsem ji vlastn\u00edm n\u00e1kladem 50ks.<\/p>\n<p>Ten byl v\u0161ak vy\u0161\u0161\u00ed ne\u017e cena, za jakou bych si ji p\u0159\u00e1l nab\u00edzet. V\u00edm, \u017ee pokud v budoucnu budu d\u011blat dal\u0161\u00ed tisk, bude o n\u00e1klady za sazbu ni\u017e\u0161\u00ed.<\/p>\n<p>Z\u00e1le\u017e\u00ed tedy na tob\u011b, jakou \u010d\u00e1stku za knihu zaplat\u00ed\u0161. Ta vy\u0161\u0161\u00ed je re\u00e1ln\u00e1 cena, kterou jsem nyn\u00ed investoval do tisku a sazby jednoho kusu. \u017d\u00e1dn\u00e9 jin\u00e9 ohodnocen\u00ed\/n\u00e1klady v n\u00ed nejsou zahrnuty. Druh\u00e1 cena je takov\u00e1, za kterou ji budu nab\u00edzet, pokud dojde na druh\u00e9 vyd\u00e1n\u00ed.<\/p>\n<p>P\u0159edem d\u00edky za podporu toho co tvo\u0159\u00edm a p\u0159eji p\u0159\u00edjemn\u00e9 \u010dten\u00ed.<\/p>\n<p>Zp\u011btn\u00e1 vazba v\u017edy v\u00edt\u00e1na.<br \/>\nM\u011bjme se b\u00e1je\u010dn\u011b a pl\u0148me si sny.<\/p>\n","protected":false},"featured_media":7538,"comment_status":"open","ping_status":"closed","template":"","meta":[],"product_brand":[],"product_cat":[15],"product_tag":[],"class_list":{"0":"post-7546","1":"product","2":"type-product","3":"status-publish","4":"has-post-thumbnail","6":"product_cat-uncategorized","8":"first","9":"instock","10":"taxable","11":"shipping-taxable","12":"purchasable","13":"product-type-variable","14":"wvs-archive-product-wrapper"},"yoast_head":"<!-- This site is optimized with the Yoast SEO plugin v27.4 - https:\/\/yoast.com\/product\/yoast-seo-wordpress\/ -->\n<title>Mandalama v Mechiku &#8902; Mandalama<\/title>\n<meta name=\"robots\" content=\"index, follow, max-snippet:-1, max-image-preview:large, max-video-preview:-1\" \/>\n<link rel=\"canonical\" href=\"https:\/\/www.mandalama.cz\/produkt\/mandalama-v-mechiku\/\" \/>\n<meta property=\"og:locale\" content=\"en_US\" \/>\n<meta property=\"og:type\" content=\"article\" \/>\n<meta property=\"og:title\" content=\"Mandalama v Mechiku &#8902; Mandalama\" \/>\n<meta property=\"og:description\" content=\"\u010cek\u00e1 na tebe poutav\u00fd p\u0159\u00edb\u011bh Tudorovo v\u00fdletu po Mexiku. To jsem k\u0159i\u017eoval rok a \u010dtvrt na kole s rozpo\u010dtem 100K\u010c na den. Psal jsem o tom co a kde jsem vid\u011bl, co c\u00edt\u00edm, jak na m\u011b v\u0161e okolo p\u016fsob\u00ed, ale aj n\u011bjak\u00e9 to filozofick\u00e9 mudrc\u00edrov\u00e1n\u00ed se v knize objevuje. Mnohokr\u00e1t jsem opou\u0161t\u011bl komfortn\u00ed z\u00f3nu, potkal nespo\u010det zaj\u00edmav\u00fdch lid\u00ed, musel d\u011blat ne\u010dekan\u00e1 rozhodnut\u00ed, rozj\u00edmal nad \u017eivotem a hlavn\u011b: Za\u010dal se tam p\u0159\u00edb\u011bh MANDALAMA.  Na n\u011bkolika m\u00edstech jsem se tam na chv\u00edli usadil a za\u010dal malovat mandaly. B\u011bhem dan\u00e9 cesty jsem jich vytvo\u0159il 22ks.  P\u0159\u00edb\u011bh je dopln\u011bn kreslen\u00fdmi ilustracemi, fotkami a mapami - origin\u00e1ly viz foto. Kniha m\u00e1 310 stran a vydal jsem ji vlastn\u00edm n\u00e1kladem 50ks.  Ten byl v\u0161ak vy\u0161\u0161\u00ed ne\u017e cena, za jakou bych si ji p\u0159\u00e1l nab\u00edzet. V\u00edm, \u017ee pokud v budoucnu budu d\u011blat dal\u0161\u00ed tisk, bude o n\u00e1klady za sazbu ni\u017e\u0161\u00ed.  Z\u00e1le\u017e\u00ed tedy na tob\u011b, jakou \u010d\u00e1stku za knihu zaplat\u00ed\u0161. Ta vy\u0161\u0161\u00ed je re\u00e1ln\u00e1 cena, kterou jsem nyn\u00ed investoval do tisku a sazby jednoho kusu. \u017d\u00e1dn\u00e9 jin\u00e9 ohodnocen\u00ed\/n\u00e1klady v n\u00ed nejsou zahrnuty. Druh\u00e1 cena je takov\u00e1, za kterou ji budu nab\u00edzet, pokud dojde na druh\u00e9 vyd\u00e1n\u00ed.  P\u0159edem d\u00edky za podporu toho co tvo\u0159\u00edm a p\u0159eji p\u0159\u00edjemn\u00e9 \u010dten\u00ed.  Zp\u011btn\u00e1 vazba v\u017edy v\u00edt\u00e1na. M\u011bjme se b\u00e1je\u010dn\u011b a pl\u0148me si sny.\" \/>\n<meta property=\"og:url\" content=\"https:\/\/www.mandalama.cz\/produkt\/mandalama-v-mechiku\/\" \/>\n<meta property=\"og:site_name\" content=\"Mandalama\" \/>\n<meta property=\"article:publisher\" content=\"https:\/\/www.facebook.com\/mandalama.eu\" \/>\n<meta property=\"article:modified_time\" content=\"2026-01-31T13:04:36+00:00\" \/>\n<meta property=\"og:image\" content=\"https:\/\/www.mandalama.cz\/wp-content\/uploads\/2025\/08\/IMG_8676-scaled.jpg\" \/>\n\t<meta property=\"og:image:width\" content=\"2560\" \/>\n\t<meta property=\"og:image:height\" content=\"2560\" \/>\n\t<meta property=\"og:image:type\" content=\"image\/jpeg\" \/>\n<meta name=\"twitter:card\" content=\"summary_large_image\" \/>\n<script type=\"application\/ld+json\" class=\"yoast-schema-graph\">{\"@context\":\"https:\\\/\\\/schema.org\",\"@graph\":[{\"@type\":\"WebPage\",\"@id\":\"https:\\\/\\\/www.mandalama.cz\\\/produkt\\\/mandalama-v-mechiku\\\/\",\"url\":\"https:\\\/\\\/www.mandalama.cz\\\/produkt\\\/mandalama-v-mechiku\\\/\",\"name\":\"Mandalama v Mechiku &#8902; Mandalama\",\"isPartOf\":{\"@id\":\"https:\\\/\\\/www.mandalama.cz\\\/#website\"},\"primaryImageOfPage\":{\"@id\":\"https:\\\/\\\/www.mandalama.cz\\\/produkt\\\/mandalama-v-mechiku\\\/#primaryimage\"},\"image\":{\"@id\":\"https:\\\/\\\/www.mandalama.cz\\\/produkt\\\/mandalama-v-mechiku\\\/#primaryimage\"},\"thumbnailUrl\":\"https:\\\/\\\/www.mandalama.cz\\\/wp-content\\\/uploads\\\/2025\\\/08\\\/IMG_8676-scaled.jpg\",\"datePublished\":\"2025-08-03T13:24:18+00:00\",\"dateModified\":\"2026-01-31T13:04:36+00:00\",\"breadcrumb\":{\"@id\":\"https:\\\/\\\/www.mandalama.cz\\\/produkt\\\/mandalama-v-mechiku\\\/#breadcrumb\"},\"inLanguage\":\"en-US\",\"potentialAction\":[{\"@type\":\"ReadAction\",\"target\":[\"https:\\\/\\\/www.mandalama.cz\\\/produkt\\\/mandalama-v-mechiku\\\/\"]}]},{\"@type\":\"ImageObject\",\"inLanguage\":\"en-US\",\"@id\":\"https:\\\/\\\/www.mandalama.cz\\\/produkt\\\/mandalama-v-mechiku\\\/#primaryimage\",\"url\":\"https:\\\/\\\/www.mandalama.cz\\\/wp-content\\\/uploads\\\/2025\\\/08\\\/IMG_8676-scaled.jpg\",\"contentUrl\":\"https:\\\/\\\/www.mandalama.cz\\\/wp-content\\\/uploads\\\/2025\\\/08\\\/IMG_8676-scaled.jpg\",\"width\":2560,\"height\":2560,\"caption\":\"Mandalama v Mechiku \u2013 cestopisn\u00e1 kniha Tudor\"},{\"@type\":\"BreadcrumbList\",\"@id\":\"https:\\\/\\\/www.mandalama.cz\\\/produkt\\\/mandalama-v-mechiku\\\/#breadcrumb\",\"itemListElement\":[{\"@type\":\"ListItem\",\"position\":1,\"name\":\"Dom\u016f\",\"item\":\"https:\\\/\\\/www.mandalama.cz\\\/en\\\/introduction\\\/\"},{\"@type\":\"ListItem\",\"position\":2,\"name\":\"Shop\",\"item\":\"https:\\\/\\\/www.mandalama.cz\\\/en\\\/shop\\\/\"},{\"@type\":\"ListItem\",\"position\":3,\"name\":\"Mandalama v Mechiku\"}]},{\"@type\":\"WebSite\",\"@id\":\"https:\\\/\\\/www.mandalama.cz\\\/#website\",\"url\":\"https:\\\/\\\/www.mandalama.cz\\\/\",\"name\":\"Mandalama\",\"description\":\"Mandaly k harmonizaci t\u011bla i du\u0161e\",\"publisher\":{\"@id\":\"https:\\\/\\\/www.mandalama.cz\\\/#organization\"},\"potentialAction\":[{\"@type\":\"SearchAction\",\"target\":{\"@type\":\"EntryPoint\",\"urlTemplate\":\"https:\\\/\\\/www.mandalama.cz\\\/?s={search_term_string}\"},\"query-input\":{\"@type\":\"PropertyValueSpecification\",\"valueRequired\":true,\"valueName\":\"search_term_string\"}}],\"inLanguage\":\"en-US\"},{\"@type\":\"Organization\",\"@id\":\"https:\\\/\\\/www.mandalama.cz\\\/#organization\",\"name\":\"Mandalama\",\"url\":\"https:\\\/\\\/www.mandalama.cz\\\/\",\"logo\":{\"@type\":\"ImageObject\",\"inLanguage\":\"en-US\",\"@id\":\"https:\\\/\\\/www.mandalama.cz\\\/#\\\/schema\\\/logo\\\/image\\\/\",\"url\":\"https:\\\/\\\/www.mandalama.cz\\\/wp-content\\\/uploads\\\/2021\\\/08\\\/Mandalama-logo-centre.png\",\"contentUrl\":\"https:\\\/\\\/www.mandalama.cz\\\/wp-content\\\/uploads\\\/2021\\\/08\\\/Mandalama-logo-centre.png\",\"width\":550,\"height\":550,\"caption\":\"Mandalama\"},\"image\":{\"@id\":\"https:\\\/\\\/www.mandalama.cz\\\/#\\\/schema\\\/logo\\\/image\\\/\"},\"sameAs\":[\"https:\\\/\\\/www.facebook.com\\\/mandalama.eu\"]}]}<\/script>\n<!-- \/ Yoast SEO plugin. -->","yoast_head_json":{"title":"Mandalama v Mechiku &#8902; Mandalama","robots":{"index":"index","follow":"follow","max-snippet":"max-snippet:-1","max-image-preview":"max-image-preview:large","max-video-preview":"max-video-preview:-1"},"canonical":"https:\/\/www.mandalama.cz\/produkt\/mandalama-v-mechiku\/","og_locale":"en_US","og_type":"article","og_title":"Mandalama v Mechiku &#8902; Mandalama","og_description":"\u010cek\u00e1 na tebe poutav\u00fd p\u0159\u00edb\u011bh Tudorovo v\u00fdletu po Mexiku. To jsem k\u0159i\u017eoval rok a \u010dtvrt na kole s rozpo\u010dtem 100K\u010c na den. Psal jsem o tom co a kde jsem vid\u011bl, co c\u00edt\u00edm, jak na m\u011b v\u0161e okolo p\u016fsob\u00ed, ale aj n\u011bjak\u00e9 to filozofick\u00e9 mudrc\u00edrov\u00e1n\u00ed se v knize objevuje. Mnohokr\u00e1t jsem opou\u0161t\u011bl komfortn\u00ed z\u00f3nu, potkal nespo\u010det zaj\u00edmav\u00fdch lid\u00ed, musel d\u011blat ne\u010dekan\u00e1 rozhodnut\u00ed, rozj\u00edmal nad \u017eivotem a hlavn\u011b: Za\u010dal se tam p\u0159\u00edb\u011bh MANDALAMA.  Na n\u011bkolika m\u00edstech jsem se tam na chv\u00edli usadil a za\u010dal malovat mandaly. B\u011bhem dan\u00e9 cesty jsem jich vytvo\u0159il 22ks.  P\u0159\u00edb\u011bh je dopln\u011bn kreslen\u00fdmi ilustracemi, fotkami a mapami - origin\u00e1ly viz foto. Kniha m\u00e1 310 stran a vydal jsem ji vlastn\u00edm n\u00e1kladem 50ks.  Ten byl v\u0161ak vy\u0161\u0161\u00ed ne\u017e cena, za jakou bych si ji p\u0159\u00e1l nab\u00edzet. V\u00edm, \u017ee pokud v budoucnu budu d\u011blat dal\u0161\u00ed tisk, bude o n\u00e1klady za sazbu ni\u017e\u0161\u00ed.  Z\u00e1le\u017e\u00ed tedy na tob\u011b, jakou \u010d\u00e1stku za knihu zaplat\u00ed\u0161. Ta vy\u0161\u0161\u00ed je re\u00e1ln\u00e1 cena, kterou jsem nyn\u00ed investoval do tisku a sazby jednoho kusu. \u017d\u00e1dn\u00e9 jin\u00e9 ohodnocen\u00ed\/n\u00e1klady v n\u00ed nejsou zahrnuty. Druh\u00e1 cena je takov\u00e1, za kterou ji budu nab\u00edzet, pokud dojde na druh\u00e9 vyd\u00e1n\u00ed.  P\u0159edem d\u00edky za podporu toho co tvo\u0159\u00edm a p\u0159eji p\u0159\u00edjemn\u00e9 \u010dten\u00ed.  Zp\u011btn\u00e1 vazba v\u017edy v\u00edt\u00e1na. M\u011bjme se b\u00e1je\u010dn\u011b a pl\u0148me si sny.","og_url":"https:\/\/www.mandalama.cz\/produkt\/mandalama-v-mechiku\/","og_site_name":"Mandalama","article_publisher":"https:\/\/www.facebook.com\/mandalama.eu","article_modified_time":"2026-01-31T13:04:36+00:00","og_image":[{"width":2560,"height":2560,"url":"https:\/\/www.mandalama.cz\/wp-content\/uploads\/2025\/08\/IMG_8676-scaled.jpg","type":"image\/jpeg"}],"twitter_card":"summary_large_image","schema":{"@context":"https:\/\/schema.org","@graph":[{"@type":"WebPage","@id":"https:\/\/www.mandalama.cz\/produkt\/mandalama-v-mechiku\/","url":"https:\/\/www.mandalama.cz\/produkt\/mandalama-v-mechiku\/","name":"Mandalama v Mechiku &#8902; Mandalama","isPartOf":{"@id":"https:\/\/www.mandalama.cz\/#website"},"primaryImageOfPage":{"@id":"https:\/\/www.mandalama.cz\/produkt\/mandalama-v-mechiku\/#primaryimage"},"image":{"@id":"https:\/\/www.mandalama.cz\/produkt\/mandalama-v-mechiku\/#primaryimage"},"thumbnailUrl":"https:\/\/www.mandalama.cz\/wp-content\/uploads\/2025\/08\/IMG_8676-scaled.jpg","datePublished":"2025-08-03T13:24:18+00:00","dateModified":"2026-01-31T13:04:36+00:00","breadcrumb":{"@id":"https:\/\/www.mandalama.cz\/produkt\/mandalama-v-mechiku\/#breadcrumb"},"inLanguage":"en-US","potentialAction":[{"@type":"ReadAction","target":["https:\/\/www.mandalama.cz\/produkt\/mandalama-v-mechiku\/"]}]},{"@type":"ImageObject","inLanguage":"en-US","@id":"https:\/\/www.mandalama.cz\/produkt\/mandalama-v-mechiku\/#primaryimage","url":"https:\/\/www.mandalama.cz\/wp-content\/uploads\/2025\/08\/IMG_8676-scaled.jpg","contentUrl":"https:\/\/www.mandalama.cz\/wp-content\/uploads\/2025\/08\/IMG_8676-scaled.jpg","width":2560,"height":2560,"caption":"Mandalama v Mechiku \u2013 cestopisn\u00e1 kniha Tudor"},{"@type":"BreadcrumbList","@id":"https:\/\/www.mandalama.cz\/produkt\/mandalama-v-mechiku\/#breadcrumb","itemListElement":[{"@type":"ListItem","position":1,"name":"Dom\u016f","item":"https:\/\/www.mandalama.cz\/en\/introduction\/"},{"@type":"ListItem","position":2,"name":"Shop","item":"https:\/\/www.mandalama.cz\/en\/shop\/"},{"@type":"ListItem","position":3,"name":"Mandalama v Mechiku"}]},{"@type":"WebSite","@id":"https:\/\/www.mandalama.cz\/#website","url":"https:\/\/www.mandalama.cz\/","name":"Mandalama","description":"Mandaly k harmonizaci t\u011bla i du\u0161e","publisher":{"@id":"https:\/\/www.mandalama.cz\/#organization"},"potentialAction":[{"@type":"SearchAction","target":{"@type":"EntryPoint","urlTemplate":"https:\/\/www.mandalama.cz\/?s={search_term_string}"},"query-input":{"@type":"PropertyValueSpecification","valueRequired":true,"valueName":"search_term_string"}}],"inLanguage":"en-US"},{"@type":"Organization","@id":"https:\/\/www.mandalama.cz\/#organization","name":"Mandalama","url":"https:\/\/www.mandalama.cz\/","logo":{"@type":"ImageObject","inLanguage":"en-US","@id":"https:\/\/www.mandalama.cz\/#\/schema\/logo\/image\/","url":"https:\/\/www.mandalama.cz\/wp-content\/uploads\/2021\/08\/Mandalama-logo-centre.png","contentUrl":"https:\/\/www.mandalama.cz\/wp-content\/uploads\/2021\/08\/Mandalama-logo-centre.png","width":550,"height":550,"caption":"Mandalama"},"image":{"@id":"https:\/\/www.mandalama.cz\/#\/schema\/logo\/image\/"},"sameAs":["https:\/\/www.facebook.com\/mandalama.eu"]}]}},"_links":{"self":[{"href":"https:\/\/www.mandalama.cz\/en\/wp-json\/wp\/v2\/product\/7546","targetHints":{"allow":["GET"]}}],"collection":[{"href":"https:\/\/www.mandalama.cz\/en\/wp-json\/wp\/v2\/product"}],"about":[{"href":"https:\/\/www.mandalama.cz\/en\/wp-json\/wp\/v2\/types\/product"}],"replies":[{"embeddable":true,"href":"https:\/\/www.mandalama.cz\/en\/wp-json\/wp\/v2\/comments?post=7546"}],"version-history":[{"count":4,"href":"https:\/\/www.mandalama.cz\/en\/wp-json\/wp\/v2\/product\/7546\/revisions"}],"predecessor-version":[{"id":7562,"href":"https:\/\/www.mandalama.cz\/en\/wp-json\/wp\/v2\/product\/7546\/revisions\/7562"}],"wp:featuredmedia":[{"embeddable":true,"href":"https:\/\/www.mandalama.cz\/en\/wp-json\/wp\/v2\/media\/7538"}],"wp:attachment":[{"href":"https:\/\/www.mandalama.cz\/en\/wp-json\/wp\/v2\/media?parent=7546"}],"wp:term":[{"taxonomy":"product_brand","embeddable":true,"href":"https:\/\/www.mandalama.cz\/en\/wp-json\/wp\/v2\/product_brand?post=7546"},{"taxonomy":"product_cat","embeddable":true,"href":"https:\/\/www.mandalama.cz\/en\/wp-json\/wp\/v2\/product_cat?post=7546"},{"taxonomy":"product_tag","embeddable":true,"href":"https:\/\/www.mandalama.cz\/en\/wp-json\/wp\/v2\/product_tag?post=7546"}],"curies":[{"name":"wp","href":"https:\/\/api.w.org\/{rel}","templated":true}]}}