{"id":3287,"date":"2021-09-26T22:17:32","date_gmt":"2021-11-17T07:18:26","guid":{"rendered":"https:\/\/www.mandalama.cz\/produkt\/mandala-tea-kitchen-towel-orange\/"},"modified":"2025-04-05T21:41:39","modified_gmt":"2025-04-05T19:41:39","slug":"mandala-tea-kitchen-towel-orange","status":"publish","type":"product","link":"https:\/\/www.mandalama.cz\/en\/product\/mandala-tea-kitchen-towel-orange\/","title":{"rendered":"Mandala Tea\/Kitchen towel &#8211; orange"},"content":{"rendered":"\t\t<div data-elementor-type=\"product-post\" data-elementor-id=\"3287\" class=\"elementor elementor-3287 elementor-1341\" data-elementor-post-type=\"product\">\n\t\t\t\t\t\t<section class=\"elementor-section elementor-top-section elementor-element elementor-element-4b42079 elementor-section-full_width elementor-section-height-default elementor-section-height-default\" data-id=\"4b42079\" data-element_type=\"section\" data-e-type=\"section\">\n\t\t\t\t\t\t\t<div class=\"elementor-background-overlay\"><\/div>\n\t\t\t\t\t\t\t<div class=\"elementor-container elementor-column-gap-wider\">\n\t\t\t\t\t<div class=\"elementor-column elementor-col-100 elementor-top-column elementor-element elementor-element-4a11fc17\" data-id=\"4a11fc17\" data-element_type=\"column\" data-e-type=\"column\">\n\t\t\t<div class=\"elementor-widget-wrap elementor-element-populated\">\n\t\t\t\t\t\t<div class=\"elementor-element elementor-element-4e2c094b elementor-widget elementor-widget-heading\" data-id=\"4e2c094b\" data-element_type=\"widget\" data-e-type=\"widget\" data-widget_type=\"heading.default\">\n\t\t\t\t\t<h1 class=\"elementor-heading-title elementor-size-default\">The story of Tea\/Kitchen towels<\/h1>\t\t\t\t<\/div>\n\t\t\t\t<section class=\"elementor-section elementor-inner-section elementor-element elementor-element-1cfbfb5c elementor-section-height-min-height elementor-section-boxed elementor-section-height-default\" data-id=\"1cfbfb5c\" data-element_type=\"section\" data-e-type=\"section\" data-settings=\"{&quot;background_background&quot;:&quot;classic&quot;}\">\n\t\t\t\t\t\t\t<div class=\"elementor-background-overlay\"><\/div>\n\t\t\t\t\t\t\t<div class=\"elementor-container elementor-column-gap-wider\">\n\t\t\t\t\t<div class=\"elementor-column elementor-col-50 elementor-inner-column elementor-element elementor-element-29871822\" data-id=\"29871822\" data-element_type=\"column\" data-e-type=\"column\">\n\t\t\t<div class=\"elementor-widget-wrap elementor-element-populated\">\n\t\t\t\t\t\t<div class=\"elementor-element elementor-element-50315fb8 elementor-widget elementor-widget-text-editor\" data-id=\"50315fb8\" data-element_type=\"widget\" data-e-type=\"widget\" data-widget_type=\"text-editor.default\">\n\t\t\t\t\t\t\t\t\t<p>\n            <span lang=\"CS\">Hello people! We are towels made in the Czech Republic. Do you like us? If so, wait until you feel us in your hands. We are high quality, soft, absorbent and do not leave lint on glassware and dishes. We are towels made here in the Czech Republic.    <\/span>\n          <\/p>\n<p>\n            <span lang=\"CS\">We are very much looking forward to become a decoration of your household. And if you want to know, how we have been created first, sit back, and let us tell you the story.<\/span>\n          <\/p>\n<p>\n            <span lang=\"CS\">We were created by an interesting guy &#8211; a free-spirited traveller, a lover of nature and beautiful places, a free-thinker who lives wherever he likes it. Well, you could say he might be strange a little, bearing in mind today&#8217;s world situation. But enough about him. Now the story is mainly about us, the towels.   <\/span>\n          <\/p>\n<p>\n            <span lang=\"CS\">We were born during one of his &#8220;Meditation Phases&#8221;. He often dives in the process of painting, that he manages to paint for 12 hours a day, and does this for several months in a row.<\/span>\n          <\/p>\n<p>\n            <span lang=\"CS\">And this is exactly how the collection of mandalas was born &#8211; seven chakra colours. For example, the purple mandala, which was created first, took him more than forty hours. <\/span>\n          <\/p>\n<p>\n            <span lang=\"CS\">The creation of paintings took long time. However, it was probably worth it, because everyone who saw them thought immediately on what products all these pictures could be present. To our great happiness and joy, the artist came up with the most pleasant and viable idea, to transfer these beautiful paintings in to high quality Czech towels. <\/span>\n          <\/p>\n<p>\n            <span lang=\"CS\">As you can imagine, he had no idea how difficult it would be to find someone who could weave such a complicated patterns on a piece of cloth. If you look at the original paintings from which the towels were created, it will be immediately clear to you what we are talking about.  <\/span>\n          <\/p>\n<p>\n            <span lang=\"CS\">One negative e-mail followed the other. And when he wanted to give it up and leave this towel vision for good, the phone rang, and on the other side, there was a brave owner of the company Frolen from St\u00e1rkov, who took care of us. <\/span>\n          <\/p>\n<p>\n            <span lang=\"CS\">When the artist learned a little more about how we came into life, he working on this process. The process of our weaving is fascinating and complicated. And several people and machines are working on it.  <\/span>\n          <\/p>\n\t\t\t\t\t\t\t\t<\/div>\n\t\t\t\t<div class=\"elementor-element elementor-element-49513e4d elementor-widget elementor-widget-text-editor\" data-id=\"49513e4d\" data-element_type=\"widget\" data-e-type=\"widget\" data-widget_type=\"text-editor.default\">\n\t\t\t\t\t\t\t\t\t<h2> <\/h2>\n\t\t\t\t\t\t\t\t<\/div>\n\t\t\t\t\t<\/div>\n\t\t<\/div>\n\t\t\t\t<div class=\"elementor-column elementor-col-50 elementor-inner-column elementor-element elementor-element-17fb7c49\" data-id=\"17fb7c49\" data-element_type=\"column\" data-e-type=\"column\">\n\t\t\t<div class=\"elementor-widget-wrap elementor-element-populated\">\n\t\t\t\t\t\t<div class=\"elementor-element elementor-element-6b77a72d elementor-widget elementor-widget-text-editor\" data-id=\"6b77a72d\" data-element_type=\"widget\" data-e-type=\"widget\" data-widget_type=\"text-editor.default\">\n\t\t\t\t\t\t\t\t\t<p>\n            <span lang=\"CS\">But as soon as he held the prototype of the woven orange cloth in his hand, it was immediately decided &#8211; the whole project was on the go. He chose shades of colours for the rest of the towels, including the material, the size of the hanging loop, and what would be woven on it. And another million things that don&#8217;t even occur to you when you say you have &#8220;only&#8221; towels to make.   Also, there were so many great friends around him who have always been happy to advise and help him in this, sometimes, really difficult process.<\/span>\n          <\/p>\n<p>\n            <span lang=\"CS\">What can we say to you next? It was such joy and beauty once we were finally created. They all praised, stroked and admired us. The guy kept playing with us and tried folding us in the best possible way to fit in the oak slats boxes. The boxes were hand-made for him by his brother.   <\/span>\n          <\/p>\n<p>\n            <span lang=\"CS\">So what do you say? Do you already know enough about us? We can&#8217;t wait to decorate your kitchen.  <\/span>\n          <\/p>\n<p>\n            <span lang=\"CS\">And what about colour? Will you take us all, or have you already fallen in love with one of us in particular? And if you are still hesitant, for example, a light tap on the themes associated with the individual colours of the chakras might help you to decide. So go for it!   <\/span>\n          <\/p>\n<p><strong><span lang=\"CS\">Red<\/span><\/strong> <span lang=\"CS\">&#8211; root chakra &#8211; sexuality and instincts, connection with the earth and with everything earthly, abundance and money<\/span><\/p>\n<p><strong><span lang=\"CS\">Orange<\/span><\/strong> <span lang=\"CS\">&#8211; sacral chakra &#8211; sexuality and pleasure in life, creativity and joy, emotions, abundance and enjoyment<\/span><\/p>\n<p><strong><span lang=\"CS\">Yellow<\/span><\/strong> <span lang=\"CS\">&#8211; solar plexus chakra &#8211; will and strength, the ability to turn thoughts into reality, respect for oneself and others<\/span><\/p>\n<p><strong><span lang=\"CS\">Green<\/span><\/strong> <span lang=\"CS\">&#8211; heart chakra &#8211; balance and harmony, compassion and care, love<\/span><\/p>\n<p><strong><span lang=\"CS\">Light blue<\/span><\/strong> <span lang=\"CS\">&#8211; throat chakra &#8211; self-manifestation, balance, satisfaction, communication<\/span><\/p>\n<p><strong><span lang=\"CS\">Dark blue<\/span><\/strong> <span lang=\"CS\">&#8211; the third eye chakra &#8211; intuition, the third eye, wisdom<\/span><\/p>\n<p><strong><span lang=\"CS\">Purple<\/span><\/strong> <span lang=\"CS\">&#8211; crown chakra &#8211; divine consciousness, spirituality, spiritual path<\/span><\/p>\n<p>\n            <span lang=\"CS\">So now as you have learned about the individual chakras and where they are located on the body, we have one more tip for you. If you have us all, you can use us as a healing compress. You may have heard of the healing radiance of the mandalas, haven&#8217;t you? If your head hurts, make a poultice of dark blue, use orange for a sore stomach and green for a nice lung wrap, for example. The expert is light blue for sore throat. Well, you get it, right, don\u00b4t you?     <\/span>\n          <\/p>\n<p>\n            <span lang=\"CS\">See you soon. We look forward to be unpacked by you at your home. And then you can feel us and let the company know how satisfied you are.  <\/span>\n          <\/p>\n\t\t\t\t\t\t\t\t<\/div>\n\t\t\t\t\t<\/div>\n\t\t<\/div>\n\t\t\t\t\t<\/div>\n\t\t<\/section>\n\t\t\t\t\t<\/div>\n\t\t<\/div>\n\t\t\t\t\t<\/div>\n\t\t<\/section>\n\t\t\t\t<\/div>\n\t\t","protected":false},"excerpt":{"rendered":"<p><span style=\"font-weight: 400;\">Collection of seven colors of chakras woven on tea\/kitchen towels. With their motif, they are the first prototype in the world. With their motif, they are the first prototype in the world.<\/span><\/p>\n<p><span style=\"font-weight: 400;\">I rely on the high quality, therefore the tea\/kitchen towels absorb well and do not leave lint on glassware and dishes. An excellent gift for any household.<\/span><\/p>\n<p><strong>Orange<\/strong> &#8211; sacral chakra &#8211; sexuality and pleasure in life, creativity and joy, emotions, abundance and enjoyment<\/p>\n<p>Composition &#8211; 100% cotton. PES hanging loop. Weight 200g + &#8211; 5%.<\/p>\n<p>Size 50 \u00d7 60cm. After first wash, it may shrink by 5-7%.<\/p>\n","protected":false},"featured_media":2692,"comment_status":"open","ping_status":"closed","template":"","meta":[],"product_brand":[],"product_cat":[183],"product_tag":[],"class_list":{"0":"post-3287","1":"product","2":"type-product","3":"status-publish","4":"has-post-thumbnail","6":"product_cat-tea-kitchen-towels","8":"first","9":"instock","10":"taxable","11":"shipping-taxable","12":"purchasable","13":"product-type-simple"},"yoast_head":"<!-- This site is optimized with the Yoast SEO plugin v27.4 - https:\/\/yoast.com\/product\/yoast-seo-wordpress\/ -->\n<title>Mandala Tea\/Kitchen towel - orange &#8902; Mandalama<\/title>\n<meta name=\"robots\" content=\"index, follow, max-snippet:-1, max-image-preview:large, max-video-preview:-1\" \/>\n<link rel=\"canonical\" href=\"https:\/\/www.mandalama.cz\/en\/product\/mandala-tea-kitchen-towel-orange\/\" \/>\n<meta property=\"og:locale\" content=\"en_US\" \/>\n<meta property=\"og:type\" content=\"article\" \/>\n<meta property=\"og:title\" content=\"Mandala Tea\/Kitchen towel - orange &#8902; Mandalama\" \/>\n<meta property=\"og:description\" content=\"Collection of seven colors of chakras woven on tea\/kitchen towels. With their motif, they are the first prototype in the world. With their motif, they are the first prototype in the world. I rely on the high quality, therefore the tea\/kitchen towels absorb well and do not leave lint on glassware and dishes. An excellent gift for any household. Orange - sacral chakra - sexuality and pleasure in life, creativity and joy, emotions, abundance and enjoyment Composition - 100% cotton. PES hanging loop. Weight 200g + - 5%. Size 50 \u00d7 60cm. After first wash, it may shrink by 5-7%.\" \/>\n<meta property=\"og:url\" content=\"https:\/\/www.mandalama.cz\/en\/product\/mandala-tea-kitchen-towel-orange\/\" \/>\n<meta property=\"og:site_name\" content=\"Mandalama\" \/>\n<meta property=\"article:publisher\" content=\"https:\/\/www.facebook.com\/mandalama.eu\" \/>\n<meta property=\"article:modified_time\" content=\"2025-04-05T19:41:39+00:00\" \/>\n<meta property=\"og:image\" content=\"https:\/\/www.mandalama.cz\/wp-content\/uploads\/2021\/09\/uterka-oranzova-1.jpg\" \/>\n\t<meta property=\"og:image:width\" content=\"2000\" \/>\n\t<meta property=\"og:image:height\" content=\"2000\" \/>\n\t<meta property=\"og:image:type\" content=\"image\/jpeg\" \/>\n<meta name=\"twitter:card\" content=\"summary_large_image\" \/>\n<meta name=\"twitter:label1\" content=\"Est. reading time\" \/>\n\t<meta name=\"twitter:data1\" content=\"4 minutes\" \/>\n<script type=\"application\/ld+json\" class=\"yoast-schema-graph\">{\"@context\":\"https:\\\/\\\/schema.org\",\"@graph\":[{\"@type\":\"WebPage\",\"@id\":\"https:\\\/\\\/www.mandalama.cz\\\/en\\\/product\\\/mandala-tea-kitchen-towel-orange\\\/\",\"url\":\"https:\\\/\\\/www.mandalama.cz\\\/en\\\/product\\\/mandala-tea-kitchen-towel-orange\\\/\",\"name\":\"Mandala Tea\\\/Kitchen towel - orange &#8902; Mandalama\",\"isPartOf\":{\"@id\":\"https:\\\/\\\/www.mandalama.cz\\\/#website\"},\"primaryImageOfPage\":{\"@id\":\"https:\\\/\\\/www.mandalama.cz\\\/en\\\/product\\\/mandala-tea-kitchen-towel-orange\\\/#primaryimage\"},\"image\":{\"@id\":\"https:\\\/\\\/www.mandalama.cz\\\/en\\\/product\\\/mandala-tea-kitchen-towel-orange\\\/#primaryimage\"},\"thumbnailUrl\":\"https:\\\/\\\/www.mandalama.cz\\\/wp-content\\\/uploads\\\/2021\\\/09\\\/uterka-oranzova-1.jpg\",\"datePublished\":\"2021-11-17T07:18:26+00:00\",\"dateModified\":\"2025-04-05T19:41:39+00:00\",\"breadcrumb\":{\"@id\":\"https:\\\/\\\/www.mandalama.cz\\\/en\\\/product\\\/mandala-tea-kitchen-towel-orange\\\/#breadcrumb\"},\"inLanguage\":\"en-US\",\"potentialAction\":[{\"@type\":\"ReadAction\",\"target\":[\"https:\\\/\\\/www.mandalama.cz\\\/en\\\/product\\\/mandala-tea-kitchen-towel-orange\\\/\"]}]},{\"@type\":\"ImageObject\",\"inLanguage\":\"en-US\",\"@id\":\"https:\\\/\\\/www.mandalama.cz\\\/en\\\/product\\\/mandala-tea-kitchen-towel-orange\\\/#primaryimage\",\"url\":\"https:\\\/\\\/www.mandalama.cz\\\/wp-content\\\/uploads\\\/2021\\\/09\\\/uterka-oranzova-1.jpg\",\"contentUrl\":\"https:\\\/\\\/www.mandalama.cz\\\/wp-content\\\/uploads\\\/2021\\\/09\\\/uterka-oranzova-1.jpg\",\"width\":2000,\"height\":2000,\"caption\":\"Sakr\u00e1ln\u00ed \u010dakra \u2013 oran\u017eov\u00e1 bavln\u011bn\u00e1 ut\u011brka Mandalama\"},{\"@type\":\"BreadcrumbList\",\"@id\":\"https:\\\/\\\/www.mandalama.cz\\\/en\\\/product\\\/mandala-tea-kitchen-towel-orange\\\/#breadcrumb\",\"itemListElement\":[{\"@type\":\"ListItem\",\"position\":1,\"name\":\"Dom\u016f\",\"item\":\"https:\\\/\\\/www.mandalama.cz\\\/en\\\/introduction\\\/\"},{\"@type\":\"ListItem\",\"position\":2,\"name\":\"Shop\",\"item\":\"https:\\\/\\\/www.mandalama.cz\\\/en\\\/shop\\\/\"},{\"@type\":\"ListItem\",\"position\":3,\"name\":\"Mandala Tea\\\/Kitchen towel &#8211; orange\"}]},{\"@type\":\"WebSite\",\"@id\":\"https:\\\/\\\/www.mandalama.cz\\\/#website\",\"url\":\"https:\\\/\\\/www.mandalama.cz\\\/\",\"name\":\"Mandalama\",\"description\":\"Mandaly k harmonizaci t\u011bla i du\u0161e\",\"publisher\":{\"@id\":\"https:\\\/\\\/www.mandalama.cz\\\/#organization\"},\"potentialAction\":[{\"@type\":\"SearchAction\",\"target\":{\"@type\":\"EntryPoint\",\"urlTemplate\":\"https:\\\/\\\/www.mandalama.cz\\\/?s={search_term_string}\"},\"query-input\":{\"@type\":\"PropertyValueSpecification\",\"valueRequired\":true,\"valueName\":\"search_term_string\"}}],\"inLanguage\":\"en-US\"},{\"@type\":\"Organization\",\"@id\":\"https:\\\/\\\/www.mandalama.cz\\\/#organization\",\"name\":\"Mandalama\",\"url\":\"https:\\\/\\\/www.mandalama.cz\\\/\",\"logo\":{\"@type\":\"ImageObject\",\"inLanguage\":\"en-US\",\"@id\":\"https:\\\/\\\/www.mandalama.cz\\\/#\\\/schema\\\/logo\\\/image\\\/\",\"url\":\"https:\\\/\\\/www.mandalama.cz\\\/wp-content\\\/uploads\\\/2021\\\/08\\\/Mandalama-logo-centre.png\",\"contentUrl\":\"https:\\\/\\\/www.mandalama.cz\\\/wp-content\\\/uploads\\\/2021\\\/08\\\/Mandalama-logo-centre.png\",\"width\":550,\"height\":550,\"caption\":\"Mandalama\"},\"image\":{\"@id\":\"https:\\\/\\\/www.mandalama.cz\\\/#\\\/schema\\\/logo\\\/image\\\/\"},\"sameAs\":[\"https:\\\/\\\/www.facebook.com\\\/mandalama.eu\"]}]}<\/script>\n<!-- \/ Yoast SEO plugin. -->","yoast_head_json":{"title":"Mandala Tea\/Kitchen towel - orange &#8902; Mandalama","robots":{"index":"index","follow":"follow","max-snippet":"max-snippet:-1","max-image-preview":"max-image-preview:large","max-video-preview":"max-video-preview:-1"},"canonical":"https:\/\/www.mandalama.cz\/en\/product\/mandala-tea-kitchen-towel-orange\/","og_locale":"en_US","og_type":"article","og_title":"Mandala Tea\/Kitchen towel - orange &#8902; Mandalama","og_description":"Collection of seven colors of chakras woven on tea\/kitchen towels. With their motif, they are the first prototype in the world. With their motif, they are the first prototype in the world. I rely on the high quality, therefore the tea\/kitchen towels absorb well and do not leave lint on glassware and dishes. An excellent gift for any household. Orange - sacral chakra - sexuality and pleasure in life, creativity and joy, emotions, abundance and enjoyment Composition - 100% cotton. PES hanging loop. Weight 200g + - 5%. Size 50 \u00d7 60cm. After first wash, it may shrink by 5-7%.","og_url":"https:\/\/www.mandalama.cz\/en\/product\/mandala-tea-kitchen-towel-orange\/","og_site_name":"Mandalama","article_publisher":"https:\/\/www.facebook.com\/mandalama.eu","article_modified_time":"2025-04-05T19:41:39+00:00","og_image":[{"width":2000,"height":2000,"url":"https:\/\/www.mandalama.cz\/wp-content\/uploads\/2021\/09\/uterka-oranzova-1.jpg","type":"image\/jpeg"}],"twitter_card":"summary_large_image","twitter_misc":{"Est. reading time":"4 minutes"},"schema":{"@context":"https:\/\/schema.org","@graph":[{"@type":"WebPage","@id":"https:\/\/www.mandalama.cz\/en\/product\/mandala-tea-kitchen-towel-orange\/","url":"https:\/\/www.mandalama.cz\/en\/product\/mandala-tea-kitchen-towel-orange\/","name":"Mandala Tea\/Kitchen towel - orange &#8902; Mandalama","isPartOf":{"@id":"https:\/\/www.mandalama.cz\/#website"},"primaryImageOfPage":{"@id":"https:\/\/www.mandalama.cz\/en\/product\/mandala-tea-kitchen-towel-orange\/#primaryimage"},"image":{"@id":"https:\/\/www.mandalama.cz\/en\/product\/mandala-tea-kitchen-towel-orange\/#primaryimage"},"thumbnailUrl":"https:\/\/www.mandalama.cz\/wp-content\/uploads\/2021\/09\/uterka-oranzova-1.jpg","datePublished":"2021-11-17T07:18:26+00:00","dateModified":"2025-04-05T19:41:39+00:00","breadcrumb":{"@id":"https:\/\/www.mandalama.cz\/en\/product\/mandala-tea-kitchen-towel-orange\/#breadcrumb"},"inLanguage":"en-US","potentialAction":[{"@type":"ReadAction","target":["https:\/\/www.mandalama.cz\/en\/product\/mandala-tea-kitchen-towel-orange\/"]}]},{"@type":"ImageObject","inLanguage":"en-US","@id":"https:\/\/www.mandalama.cz\/en\/product\/mandala-tea-kitchen-towel-orange\/#primaryimage","url":"https:\/\/www.mandalama.cz\/wp-content\/uploads\/2021\/09\/uterka-oranzova-1.jpg","contentUrl":"https:\/\/www.mandalama.cz\/wp-content\/uploads\/2021\/09\/uterka-oranzova-1.jpg","width":2000,"height":2000,"caption":"Sakr\u00e1ln\u00ed \u010dakra \u2013 oran\u017eov\u00e1 bavln\u011bn\u00e1 ut\u011brka Mandalama"},{"@type":"BreadcrumbList","@id":"https:\/\/www.mandalama.cz\/en\/product\/mandala-tea-kitchen-towel-orange\/#breadcrumb","itemListElement":[{"@type":"ListItem","position":1,"name":"Dom\u016f","item":"https:\/\/www.mandalama.cz\/en\/introduction\/"},{"@type":"ListItem","position":2,"name":"Shop","item":"https:\/\/www.mandalama.cz\/en\/shop\/"},{"@type":"ListItem","position":3,"name":"Mandala Tea\/Kitchen towel &#8211; orange"}]},{"@type":"WebSite","@id":"https:\/\/www.mandalama.cz\/#website","url":"https:\/\/www.mandalama.cz\/","name":"Mandalama","description":"Mandaly k harmonizaci t\u011bla i du\u0161e","publisher":{"@id":"https:\/\/www.mandalama.cz\/#organization"},"potentialAction":[{"@type":"SearchAction","target":{"@type":"EntryPoint","urlTemplate":"https:\/\/www.mandalama.cz\/?s={search_term_string}"},"query-input":{"@type":"PropertyValueSpecification","valueRequired":true,"valueName":"search_term_string"}}],"inLanguage":"en-US"},{"@type":"Organization","@id":"https:\/\/www.mandalama.cz\/#organization","name":"Mandalama","url":"https:\/\/www.mandalama.cz\/","logo":{"@type":"ImageObject","inLanguage":"en-US","@id":"https:\/\/www.mandalama.cz\/#\/schema\/logo\/image\/","url":"https:\/\/www.mandalama.cz\/wp-content\/uploads\/2021\/08\/Mandalama-logo-centre.png","contentUrl":"https:\/\/www.mandalama.cz\/wp-content\/uploads\/2021\/08\/Mandalama-logo-centre.png","width":550,"height":550,"caption":"Mandalama"},"image":{"@id":"https:\/\/www.mandalama.cz\/#\/schema\/logo\/image\/"},"sameAs":["https:\/\/www.facebook.com\/mandalama.eu"]}]}},"_links":{"self":[{"href":"https:\/\/www.mandalama.cz\/en\/wp-json\/wp\/v2\/product\/3287","targetHints":{"allow":["GET"]}}],"collection":[{"href":"https:\/\/www.mandalama.cz\/en\/wp-json\/wp\/v2\/product"}],"about":[{"href":"https:\/\/www.mandalama.cz\/en\/wp-json\/wp\/v2\/types\/product"}],"replies":[{"embeddable":true,"href":"https:\/\/www.mandalama.cz\/en\/wp-json\/wp\/v2\/comments?post=3287"}],"version-history":[{"count":0,"href":"https:\/\/www.mandalama.cz\/en\/wp-json\/wp\/v2\/product\/3287\/revisions"}],"wp:featuredmedia":[{"embeddable":true,"href":"https:\/\/www.mandalama.cz\/en\/wp-json\/wp\/v2\/media\/2692"}],"wp:attachment":[{"href":"https:\/\/www.mandalama.cz\/en\/wp-json\/wp\/v2\/media?parent=3287"}],"wp:term":[{"taxonomy":"product_brand","embeddable":true,"href":"https:\/\/www.mandalama.cz\/en\/wp-json\/wp\/v2\/product_brand?post=3287"},{"taxonomy":"product_cat","embeddable":true,"href":"https:\/\/www.mandalama.cz\/en\/wp-json\/wp\/v2\/product_cat?post=3287"},{"taxonomy":"product_tag","embeddable":true,"href":"https:\/\/www.mandalama.cz\/en\/wp-json\/wp\/v2\/product_tag?post=3287"}],"curies":[{"name":"wp","href":"https:\/\/api.w.org\/{rel}","templated":true}]}}