{"id":3093,"date":"2021-09-22T21:45:10","date_gmt":"2021-09-22T19:45:10","guid":{"rendered":"https:\/\/www.mandalama.cz\/produkt\/calendar-for-2022\/"},"modified":"2024-10-17T23:02:12","modified_gmt":"2024-10-17T21:02:12","slug":"calendar-for-2022","status":"publish","type":"product","link":"https:\/\/www.mandalama.cz\/en\/product\/calendar-for-2022\/","title":{"rendered":"Calendar for 2024"},"content":{"rendered":"\t\t<div data-elementor-type=\"product-post\" data-elementor-id=\"3093\" class=\"elementor elementor-3093 elementor-716\" data-elementor-post-type=\"product\">\n\t\t\t\t\t\t<section class=\"elementor-section elementor-top-section elementor-element elementor-element-7dfd4565 elementor-section-full_width elementor-section-height-default elementor-section-height-default\" data-id=\"7dfd4565\" data-element_type=\"section\" data-e-type=\"section\">\n\t\t\t\t\t\t\t<div class=\"elementor-background-overlay\"><\/div>\n\t\t\t\t\t\t\t<div class=\"elementor-container elementor-column-gap-wider\">\n\t\t\t\t\t<div class=\"elementor-column elementor-col-100 elementor-top-column elementor-element elementor-element-13589af4\" data-id=\"13589af4\" data-element_type=\"column\" data-e-type=\"column\">\n\t\t\t<div class=\"elementor-widget-wrap elementor-element-populated\">\n\t\t\t\t\t\t<div class=\"elementor-element elementor-element-4cb05e7d elementor-widget elementor-widget-heading\" data-id=\"4cb05e7d\" data-element_type=\"widget\" data-e-type=\"widget\" data-widget_type=\"heading.default\">\n\t\t\t\t\t<h1 class=\"elementor-heading-title elementor-size-default\">Calendar story<\/h1>\t\t\t\t<\/div>\n\t\t\t\t<section class=\"elementor-section elementor-inner-section elementor-element elementor-element-43593c16 elementor-section-height-min-height elementor-section-boxed elementor-section-height-default\" data-id=\"43593c16\" data-element_type=\"section\" data-e-type=\"section\" data-settings=\"{&quot;background_background&quot;:&quot;classic&quot;}\">\n\t\t\t\t\t\t\t<div class=\"elementor-background-overlay\"><\/div>\n\t\t\t\t\t\t\t<div class=\"elementor-container elementor-column-gap-wider\">\n\t\t\t\t\t<div class=\"elementor-column elementor-col-50 elementor-inner-column elementor-element elementor-element-5ce50ba2\" data-id=\"5ce50ba2\" data-element_type=\"column\" data-e-type=\"column\">\n\t\t\t<div class=\"elementor-widget-wrap elementor-element-populated\">\n\t\t\t\t\t\t<div class=\"elementor-element elementor-element-304864f9 elementor-widget elementor-widget-text-editor\" data-id=\"304864f9\" data-element_type=\"widget\" data-e-type=\"widget\" data-widget_type=\"text-editor.default\">\n\t\t\t\t\t\t\t\t\t<p>I&#8217;m the first calendar ever the artist has created. When he completed a collection of seven colours of the aura and a dotted collection painted in Mexico, he decided to paint 12 mandalas on the calendar. All of this was created far away in the rainforest by the lake and the town of Catemaco, in a campsite called &#8220;La Jungla&#8221;. He attached sheets and plastic bags to a tent to make a shelter. A simple studio in a nature was created where I could be born.    <\/p>\n<p>Firstly, all the mandalas were pre-done with a pencil and after that painted them with acrylic paints. In La Jungla within two months, he managed to paint May, June, August, October and December. He then moved to a coastal town Puerto Morelos, where he embarked on July, February and started to paint January. He painted the rest a year later in various places of the Czech Republic.   <\/p>\n\t\t\t\t\t\t\t\t<\/div>\n\t\t\t\t<div class=\"elementor-element elementor-element-2220de79 elementor-widget elementor-widget-text-editor\" data-id=\"2220de79\" data-element_type=\"widget\" data-e-type=\"widget\" data-widget_type=\"text-editor.default\">\n\t\t\t\t\t\t\t\t\t<h2> <\/h2>\n\t\t\t\t\t\t\t\t<\/div>\n\t\t\t\t\t<\/div>\n\t\t<\/div>\n\t\t\t\t<div class=\"elementor-column elementor-col-50 elementor-inner-column elementor-element elementor-element-60a74a5d\" data-id=\"60a74a5d\" data-element_type=\"column\" data-e-type=\"column\">\n\t\t\t<div class=\"elementor-widget-wrap elementor-element-populated\">\n\t\t\t\t\t\t<div class=\"elementor-element elementor-element-12c8f777 elementor-widget elementor-widget-text-editor\" data-id=\"12c8f777\" data-element_type=\"widget\" data-e-type=\"widget\" data-widget_type=\"text-editor.default\">\n\t\t\t\t\t\t\t\t\t<p>In his drawings the artist tried to express the colours, themes and the symbols of each month. The originals are painted on thicker paper and it\u00b4s diameter is 32 cm. One mandala took about 30-35 hours to paint. The last to create a mandala was the one on the front page, which is called Whole Year.   <\/p>\n<p>The next stage was to take photographs of the originals and give them the last design. A smart graphic designer created my current look. <\/p>\n<p>So the idea was materialized and I&#8217;m in the world. Now I can beautify your home or someone else&#8217;s. I wish I would please everyone who looks at me. <\/p>\n<p>I also wish that this and the following years are full of beautiful changes for you and everyone around you, because &#8220;CHANGE IS LIFE and LIFE IS CHANGE&#8221; \u2013 never ending.<\/p>\n\t\t\t\t\t\t\t\t<\/div>\n\t\t\t\t\t<\/div>\n\t\t<\/div>\n\t\t\t\t\t<\/div>\n\t\t<\/section>\n\t\t\t\t\t<\/div>\n\t\t<\/div>\n\t\t\t\t\t<\/div>\n\t\t<\/section>\n\t\t\t\t<\/div>\n\t\t","protected":false},"excerpt":{"rendered":"<p>In this calendar, each month depicts the given period of the year with its colours and patterns.<\/p>\n<p>At the bottom right corner is always a small picture of the mandala from the following page.<\/p>\n<p>Names of the months in six languages &#8211; Czech, Slovak, English, German, Spanish, French.<\/p>\n<p>Print on A3.<\/p>\n","protected":false},"featured_media":6835,"comment_status":"open","ping_status":"closed","template":"","meta":[],"product_brand":[],"product_cat":[180],"product_tag":[],"class_list":{"0":"post-3093","1":"product","2":"type-product","3":"status-publish","4":"has-post-thumbnail","6":"product_cat-calendar","8":"first","9":"instock","10":"sale","11":"taxable","12":"shipping-taxable","13":"purchasable","14":"product-type-simple"},"yoast_head":"<!-- This site is optimized with the Yoast SEO plugin v27.4 - https:\/\/yoast.com\/product\/yoast-seo-wordpress\/ -->\n<title>Calendar for 2024 &#8902; Mandalama<\/title>\n<meta name=\"robots\" content=\"index, follow, max-snippet:-1, max-image-preview:large, max-video-preview:-1\" \/>\n<link rel=\"canonical\" href=\"https:\/\/www.mandalama.cz\/en\/produkt\/calendar-for-2022\/\" \/>\n<meta property=\"og:locale\" content=\"en_US\" \/>\n<meta property=\"og:type\" content=\"article\" \/>\n<meta property=\"og:title\" content=\"Calendar for 2024 &#8902; Mandalama\" \/>\n<meta property=\"og:description\" content=\"In this calendar, each month depicts the given period of the year with its colours and patterns.  At the bottom right corner is always a small picture of the mandala from the following page.  Names of the months in six languages - Czech, Slovak, English, German, Spanish, French.  Print on A3.\" \/>\n<meta property=\"og:url\" content=\"https:\/\/www.mandalama.cz\/en\/produkt\/calendar-for-2022\/\" \/>\n<meta property=\"og:site_name\" content=\"Mandalama\" \/>\n<meta property=\"article:publisher\" content=\"https:\/\/www.facebook.com\/mandalama.eu\" \/>\n<meta property=\"article:modified_time\" content=\"2024-10-17T21:02:12+00:00\" \/>\n<meta property=\"og:image\" content=\"https:\/\/www.mandalama.cz\/wp-content\/uploads\/2024\/11\/image00008.jpg\" \/>\n\t<meta property=\"og:image:width\" content=\"1536\" \/>\n\t<meta property=\"og:image:height\" content=\"2048\" \/>\n\t<meta property=\"og:image:type\" content=\"image\/jpeg\" \/>\n<meta name=\"twitter:card\" content=\"summary_large_image\" \/>\n<meta name=\"twitter:label1\" content=\"Est. reading time\" \/>\n\t<meta name=\"twitter:data1\" content=\"1 minute\" \/>\n<script type=\"application\/ld+json\" class=\"yoast-schema-graph\">{\"@context\":\"https:\\\/\\\/schema.org\",\"@graph\":[{\"@type\":\"WebPage\",\"@id\":\"https:\\\/\\\/www.mandalama.cz\\\/en\\\/produkt\\\/calendar-for-2022\\\/\",\"url\":\"https:\\\/\\\/www.mandalama.cz\\\/en\\\/produkt\\\/calendar-for-2022\\\/\",\"name\":\"Calendar for 2024 &#8902; Mandalama\",\"isPartOf\":{\"@id\":\"https:\\\/\\\/www.mandalama.cz\\\/#website\"},\"primaryImageOfPage\":{\"@id\":\"https:\\\/\\\/www.mandalama.cz\\\/en\\\/produkt\\\/calendar-for-2022\\\/#primaryimage\"},\"image\":{\"@id\":\"https:\\\/\\\/www.mandalama.cz\\\/en\\\/produkt\\\/calendar-for-2022\\\/#primaryimage\"},\"thumbnailUrl\":\"https:\\\/\\\/www.mandalama.cz\\\/wp-content\\\/uploads\\\/2024\\\/11\\\/image00008.jpg\",\"datePublished\":\"2021-09-22T19:45:10+00:00\",\"dateModified\":\"2024-10-17T21:02:12+00:00\",\"breadcrumb\":{\"@id\":\"https:\\\/\\\/www.mandalama.cz\\\/en\\\/produkt\\\/calendar-for-2022\\\/#breadcrumb\"},\"inLanguage\":\"en-US\",\"potentialAction\":[{\"@type\":\"ReadAction\",\"target\":[\"https:\\\/\\\/www.mandalama.cz\\\/en\\\/produkt\\\/calendar-for-2022\\\/\"]}]},{\"@type\":\"ImageObject\",\"inLanguage\":\"en-US\",\"@id\":\"https:\\\/\\\/www.mandalama.cz\\\/en\\\/produkt\\\/calendar-for-2022\\\/#primaryimage\",\"url\":\"https:\\\/\\\/www.mandalama.cz\\\/wp-content\\\/uploads\\\/2024\\\/11\\\/image00008.jpg\",\"contentUrl\":\"https:\\\/\\\/www.mandalama.cz\\\/wp-content\\\/uploads\\\/2024\\\/11\\\/image00008.jpg\",\"width\":1536,\"height\":2048,\"caption\":\"V\u011b\u010dn\u00fd kalend\u00e1\u0159 Mandalama \u2013 origin\u00e1ln\u00ed mandalov\u00fd design\"},{\"@type\":\"BreadcrumbList\",\"@id\":\"https:\\\/\\\/www.mandalama.cz\\\/en\\\/produkt\\\/calendar-for-2022\\\/#breadcrumb\",\"itemListElement\":[{\"@type\":\"ListItem\",\"position\":1,\"name\":\"Dom\u016f\",\"item\":\"https:\\\/\\\/www.mandalama.cz\\\/en\\\/introduction\\\/\"},{\"@type\":\"ListItem\",\"position\":2,\"name\":\"Shop\",\"item\":\"https:\\\/\\\/www.mandalama.cz\\\/en\\\/shop\\\/\"},{\"@type\":\"ListItem\",\"position\":3,\"name\":\"Calendar for 2024\"}]},{\"@type\":\"WebSite\",\"@id\":\"https:\\\/\\\/www.mandalama.cz\\\/#website\",\"url\":\"https:\\\/\\\/www.mandalama.cz\\\/\",\"name\":\"Mandalama\",\"description\":\"Mandaly k harmonizaci t\u011bla i du\u0161e\",\"publisher\":{\"@id\":\"https:\\\/\\\/www.mandalama.cz\\\/#organization\"},\"potentialAction\":[{\"@type\":\"SearchAction\",\"target\":{\"@type\":\"EntryPoint\",\"urlTemplate\":\"https:\\\/\\\/www.mandalama.cz\\\/?s={search_term_string}\"},\"query-input\":{\"@type\":\"PropertyValueSpecification\",\"valueRequired\":true,\"valueName\":\"search_term_string\"}}],\"inLanguage\":\"en-US\"},{\"@type\":\"Organization\",\"@id\":\"https:\\\/\\\/www.mandalama.cz\\\/#organization\",\"name\":\"Mandalama\",\"url\":\"https:\\\/\\\/www.mandalama.cz\\\/\",\"logo\":{\"@type\":\"ImageObject\",\"inLanguage\":\"en-US\",\"@id\":\"https:\\\/\\\/www.mandalama.cz\\\/#\\\/schema\\\/logo\\\/image\\\/\",\"url\":\"https:\\\/\\\/www.mandalama.cz\\\/wp-content\\\/uploads\\\/2021\\\/08\\\/Mandalama-logo-centre.png\",\"contentUrl\":\"https:\\\/\\\/www.mandalama.cz\\\/wp-content\\\/uploads\\\/2021\\\/08\\\/Mandalama-logo-centre.png\",\"width\":550,\"height\":550,\"caption\":\"Mandalama\"},\"image\":{\"@id\":\"https:\\\/\\\/www.mandalama.cz\\\/#\\\/schema\\\/logo\\\/image\\\/\"},\"sameAs\":[\"https:\\\/\\\/www.facebook.com\\\/mandalama.eu\"]}]}<\/script>\n<!-- \/ Yoast SEO plugin. -->","yoast_head_json":{"title":"Calendar for 2024 &#8902; Mandalama","robots":{"index":"index","follow":"follow","max-snippet":"max-snippet:-1","max-image-preview":"max-image-preview:large","max-video-preview":"max-video-preview:-1"},"canonical":"https:\/\/www.mandalama.cz\/en\/produkt\/calendar-for-2022\/","og_locale":"en_US","og_type":"article","og_title":"Calendar for 2024 &#8902; Mandalama","og_description":"In this calendar, each month depicts the given period of the year with its colours and patterns.  At the bottom right corner is always a small picture of the mandala from the following page.  Names of the months in six languages - Czech, Slovak, English, German, Spanish, French.  Print on A3.","og_url":"https:\/\/www.mandalama.cz\/en\/produkt\/calendar-for-2022\/","og_site_name":"Mandalama","article_publisher":"https:\/\/www.facebook.com\/mandalama.eu","article_modified_time":"2024-10-17T21:02:12+00:00","og_image":[{"width":1536,"height":2048,"url":"https:\/\/www.mandalama.cz\/wp-content\/uploads\/2024\/11\/image00008.jpg","type":"image\/jpeg"}],"twitter_card":"summary_large_image","twitter_misc":{"Est. reading time":"1 minute"},"schema":{"@context":"https:\/\/schema.org","@graph":[{"@type":"WebPage","@id":"https:\/\/www.mandalama.cz\/en\/produkt\/calendar-for-2022\/","url":"https:\/\/www.mandalama.cz\/en\/produkt\/calendar-for-2022\/","name":"Calendar for 2024 &#8902; Mandalama","isPartOf":{"@id":"https:\/\/www.mandalama.cz\/#website"},"primaryImageOfPage":{"@id":"https:\/\/www.mandalama.cz\/en\/produkt\/calendar-for-2022\/#primaryimage"},"image":{"@id":"https:\/\/www.mandalama.cz\/en\/produkt\/calendar-for-2022\/#primaryimage"},"thumbnailUrl":"https:\/\/www.mandalama.cz\/wp-content\/uploads\/2024\/11\/image00008.jpg","datePublished":"2021-09-22T19:45:10+00:00","dateModified":"2024-10-17T21:02:12+00:00","breadcrumb":{"@id":"https:\/\/www.mandalama.cz\/en\/produkt\/calendar-for-2022\/#breadcrumb"},"inLanguage":"en-US","potentialAction":[{"@type":"ReadAction","target":["https:\/\/www.mandalama.cz\/en\/produkt\/calendar-for-2022\/"]}]},{"@type":"ImageObject","inLanguage":"en-US","@id":"https:\/\/www.mandalama.cz\/en\/produkt\/calendar-for-2022\/#primaryimage","url":"https:\/\/www.mandalama.cz\/wp-content\/uploads\/2024\/11\/image00008.jpg","contentUrl":"https:\/\/www.mandalama.cz\/wp-content\/uploads\/2024\/11\/image00008.jpg","width":1536,"height":2048,"caption":"V\u011b\u010dn\u00fd kalend\u00e1\u0159 Mandalama \u2013 origin\u00e1ln\u00ed mandalov\u00fd design"},{"@type":"BreadcrumbList","@id":"https:\/\/www.mandalama.cz\/en\/produkt\/calendar-for-2022\/#breadcrumb","itemListElement":[{"@type":"ListItem","position":1,"name":"Dom\u016f","item":"https:\/\/www.mandalama.cz\/en\/introduction\/"},{"@type":"ListItem","position":2,"name":"Shop","item":"https:\/\/www.mandalama.cz\/en\/shop\/"},{"@type":"ListItem","position":3,"name":"Calendar for 2024"}]},{"@type":"WebSite","@id":"https:\/\/www.mandalama.cz\/#website","url":"https:\/\/www.mandalama.cz\/","name":"Mandalama","description":"Mandaly k harmonizaci t\u011bla i du\u0161e","publisher":{"@id":"https:\/\/www.mandalama.cz\/#organization"},"potentialAction":[{"@type":"SearchAction","target":{"@type":"EntryPoint","urlTemplate":"https:\/\/www.mandalama.cz\/?s={search_term_string}"},"query-input":{"@type":"PropertyValueSpecification","valueRequired":true,"valueName":"search_term_string"}}],"inLanguage":"en-US"},{"@type":"Organization","@id":"https:\/\/www.mandalama.cz\/#organization","name":"Mandalama","url":"https:\/\/www.mandalama.cz\/","logo":{"@type":"ImageObject","inLanguage":"en-US","@id":"https:\/\/www.mandalama.cz\/#\/schema\/logo\/image\/","url":"https:\/\/www.mandalama.cz\/wp-content\/uploads\/2021\/08\/Mandalama-logo-centre.png","contentUrl":"https:\/\/www.mandalama.cz\/wp-content\/uploads\/2021\/08\/Mandalama-logo-centre.png","width":550,"height":550,"caption":"Mandalama"},"image":{"@id":"https:\/\/www.mandalama.cz\/#\/schema\/logo\/image\/"},"sameAs":["https:\/\/www.facebook.com\/mandalama.eu"]}]}},"_links":{"self":[{"href":"https:\/\/www.mandalama.cz\/en\/wp-json\/wp\/v2\/product\/3093","targetHints":{"allow":["GET"]}}],"collection":[{"href":"https:\/\/www.mandalama.cz\/en\/wp-json\/wp\/v2\/product"}],"about":[{"href":"https:\/\/www.mandalama.cz\/en\/wp-json\/wp\/v2\/types\/product"}],"replies":[{"embeddable":true,"href":"https:\/\/www.mandalama.cz\/en\/wp-json\/wp\/v2\/comments?post=3093"}],"version-history":[{"count":0,"href":"https:\/\/www.mandalama.cz\/en\/wp-json\/wp\/v2\/product\/3093\/revisions"}],"wp:featuredmedia":[{"embeddable":true,"href":"https:\/\/www.mandalama.cz\/en\/wp-json\/wp\/v2\/media\/6835"}],"wp:attachment":[{"href":"https:\/\/www.mandalama.cz\/en\/wp-json\/wp\/v2\/media?parent=3093"}],"wp:term":[{"taxonomy":"product_brand","embeddable":true,"href":"https:\/\/www.mandalama.cz\/en\/wp-json\/wp\/v2\/product_brand?post=3093"},{"taxonomy":"product_cat","embeddable":true,"href":"https:\/\/www.mandalama.cz\/en\/wp-json\/wp\/v2\/product_cat?post=3093"},{"taxonomy":"product_tag","embeddable":true,"href":"https:\/\/www.mandalama.cz\/en\/wp-json\/wp\/v2\/product_tag?post=3093"}],"curies":[{"name":"wp","href":"https:\/\/api.w.org\/{rel}","templated":true}]}}